{"id":448,"date":"2024-02-28T17:29:41","date_gmt":"2024-02-28T16:29:41","guid":{"rendered":"https:\/\/www.aufbau.wibbo.it\/?page_id=448"},"modified":"2026-02-20T22:07:13","modified_gmt":"2026-02-20T21:07:13","slug":"partner","status":"publish","type":"page","link":"https:\/\/www.wibbo.de\/?page_id=448","title":{"rendered":"Partner"},"content":{"rendered":"\t\t<div data-elementor-type=\"wp-page\" data-elementor-id=\"448\" class=\"elementor elementor-448\">\r\n\t\t\t\t<div class=\"elementor-element elementor-element-52b72b18 e-con-full e-flex e-con e-parent\" data-id=\"52b72b18\" data-element_type=\"container\" data-settings=\"{&quot;background_background&quot;:&quot;classic&quot;}\" data-core-v316-plus=\"true\">\r\n\t\t\t\t<div class=\"elementor-element elementor-element-3e15860c elementor-widget__width-initial elementor-widget elementor-widget-heading\" data-id=\"3e15860c\" data-element_type=\"widget\" data-widget_type=\"heading.default\">\r\n\t\t\t\t<div class=\"elementor-widget-container\">\r\n\t\t\t<style>\/*! elementor - v3.20.0 - 13-03-2024 *\/\n.elementor-heading-title{padding:0;margin:0;line-height:1}.elementor-widget-heading .elementor-heading-title[class*=elementor-size-]>a{color:inherit;font-size:inherit;line-height:inherit}.elementor-widget-heading .elementor-heading-title.elementor-size-small{font-size:15px}.elementor-widget-heading .elementor-heading-title.elementor-size-medium{font-size:19px}.elementor-widget-heading .elementor-heading-title.elementor-size-large{font-size:29px}.elementor-widget-heading .elementor-heading-title.elementor-size-xl{font-size:39px}.elementor-widget-heading .elementor-heading-title.elementor-size-xxl{font-size:59px}<\/style><h2 class=\"elementor-heading-title elementor-size-default\">Individuelle IT-L\u00f6sungen.<br \/>Effizient und zuverl\u00e4ssig.<\/h2>\t\t<\/div>\r\n\t\t\t\t<\/div>\r\n\t\t\t\t<div class=\"elementor-element elementor-element-e170077 elementor-align-center elementor-widget elementor-widget-button\" data-id=\"e170077\" data-element_type=\"widget\" data-widget_type=\"button.default\">\r\n\t\t\t\t<div class=\"elementor-widget-container\">\r\n\t\t\t\t\t<div class=\"elementor-button-wrapper\">\r\n\t\t\t<a class=\"elementor-button elementor-button-link elementor-size-sm\" href=\"tel:+4923739466666\">\r\n\t\t\t\t\t\t<span class=\"elementor-button-content-wrapper\">\r\n\t\t\t\t\t\t<span class=\"elementor-button-text\">+49 (0) 2373 94 66 66 6<\/span>\r\n\t\t<\/span>\r\n\t\t\t\t\t<\/a>\r\n\t\t<\/div>\r\n\t\t\t\t<\/div>\r\n\t\t\t\t<\/div>\r\n\t\t\t\t<\/div>\r\n\t\t<div class=\"elementor-element elementor-element-a071e77 e-flex e-con-boxed e-con e-parent\" data-id=\"a071e77\" data-element_type=\"container\" data-core-v316-plus=\"true\">\r\n\t\t\t\t\t<div class=\"e-con-inner\">\r\n\t\t\t\t<div class=\"elementor-element elementor-element-884fc48 elementor-widget elementor-widget-heading\" data-id=\"884fc48\" data-element_type=\"widget\" data-widget_type=\"heading.default\">\r\n\t\t\t\t<div class=\"elementor-widget-container\">\r\n\t\t\t<h2 class=\"elementor-heading-title elementor-size-default\">Unsere Kooperationspartner<\/h2>\t\t<\/div>\r\n\t\t\t\t<\/div>\r\n\t\t\t\t<div class=\"elementor-element elementor-element-88748cc elementor-widget elementor-widget-text-editor\" data-id=\"88748cc\" data-element_type=\"widget\" data-widget_type=\"text-editor.default\">\r\n\t\t\t\t<div class=\"elementor-widget-container\">\r\n\t\t\t<style>\/*! elementor - v3.20.0 - 13-03-2024 *\/\n.elementor-widget-text-editor.elementor-drop-cap-view-stacked .elementor-drop-cap{background-color:#69727d;color:#fff}.elementor-widget-text-editor.elementor-drop-cap-view-framed .elementor-drop-cap{color:#69727d;border:3px solid;background-color:transparent}.elementor-widget-text-editor:not(.elementor-drop-cap-view-default) .elementor-drop-cap{margin-top:8px}.elementor-widget-text-editor:not(.elementor-drop-cap-view-default) .elementor-drop-cap-letter{width:1em;height:1em}.elementor-widget-text-editor .elementor-drop-cap{float:left;text-align:center;line-height:1;font-size:50px}.elementor-widget-text-editor .elementor-drop-cap-letter{display:inline-block}<\/style>\t\t\t\t<p>Um Ihnen stets die besten Leistungen anbieten zu k\u00f6nnen, haben wir im Laufe der Zeit ein Partner-Netzwerk aufgebaut.<\/p><p>Wir m\u00f6chten Ihnen an dieser Stelle einen kleinen \u00dcberblick \u00fcber unsere Servicepartner geben.<\/p>\t\t\t\t\t\t<\/div>\r\n\t\t\t\t<\/div>\r\n\t\t\t\t\t<\/div>\r\n\t\t\t\t<\/div>\r\n\t\t<div class=\"elementor-element elementor-element-7d993e4 e-flex e-con-boxed e-con e-parent\" data-id=\"7d993e4\" data-element_type=\"container\" data-core-v316-plus=\"true\">\r\n\t\t\t\t\t<div class=\"e-con-inner\">\r\n\t\t<div class=\"elementor-element elementor-element-03748ca e-con-full e-flex e-con e-child\" data-id=\"03748ca\" data-element_type=\"container\">\r\n\t\t\t\t<div class=\"elementor-element elementor-element-49eab66 elementor-widget__width-initial elementor-position-top elementor-widget elementor-widget-image-box\" data-id=\"49eab66\" data-element_type=\"widget\" data-widget_type=\"image-box.default\">\r\n\t\t\t\t<div class=\"elementor-widget-container\">\r\n\t\t\t<style>\/*! elementor - v3.20.0 - 13-03-2024 *\/\n.elementor-widget-image-box .elementor-image-box-content{width:100%}@media (min-width:768px){.elementor-widget-image-box.elementor-position-left .elementor-image-box-wrapper,.elementor-widget-image-box.elementor-position-right .elementor-image-box-wrapper{display:flex}.elementor-widget-image-box.elementor-position-right .elementor-image-box-wrapper{text-align:right;flex-direction:row-reverse}.elementor-widget-image-box.elementor-position-left .elementor-image-box-wrapper{text-align:left;flex-direction:row}.elementor-widget-image-box.elementor-position-top .elementor-image-box-img{margin:auto}.elementor-widget-image-box.elementor-vertical-align-top .elementor-image-box-wrapper{align-items:flex-start}.elementor-widget-image-box.elementor-vertical-align-middle .elementor-image-box-wrapper{align-items:center}.elementor-widget-image-box.elementor-vertical-align-bottom .elementor-image-box-wrapper{align-items:flex-end}}@media (max-width:767px){.elementor-widget-image-box .elementor-image-box-img{margin-left:auto!important;margin-right:auto!important;margin-bottom:15px}}.elementor-widget-image-box .elementor-image-box-img{display:inline-block}.elementor-widget-image-box .elementor-image-box-title a{color:inherit}.elementor-widget-image-box .elementor-image-box-wrapper{text-align:center}.elementor-widget-image-box .elementor-image-box-description{margin:0}<\/style><div class=\"elementor-image-box-wrapper\"><figure class=\"elementor-image-box-img\"><a href=\"http:\/\/www.ansitel.de\" target=\"_blank\" tabindex=\"-1\"><img decoding=\"async\" src=\"https:\/\/www.wibbo.de\/wp-content\/uploads\/elementor\/thumbs\/ansitel-rjfsnpsjaucfz5ituh2lq2xjq0jew1i4o56uqbt3e0.jpg\" title=\"ansitel\" alt=\"ansitel\" loading=\"lazy\" \/><\/a><\/figure><div class=\"elementor-image-box-content\"><h3 class=\"elementor-image-box-title\"><a href=\"http:\/\/www.ansitel.de\" target=\"_blank\">Ansitel (Ansit-Com)<\/a><\/h3><p class=\"elementor-image-box-description\">Egal ob Homeoffice, Smartphone oder individuelle Speziall\u00f6sung. Mit Ansitel ist jedes Szenario spielend leicht realisierbar. Seit 2006 Entwickelt Ansit-Com ihre Telefonanlage kontinuierlich weiter und bietet bei bestm\u00f6glicher Preis\/Leistung alles, was von einer modernen Telefonanlage verlangt wird.\n\nDie Telefonanlage ist dabei als Cloud, virtuelle Maschine oder On-Premise Hardware erh\u00e4ltlich.\n\nIn der Telefonanlage sind s\u00e4mtliche Funktionen bereits enthalten. Sie brauchen sich also keinerlei Sorgen um zus\u00e4tzliche Lizenzkosten machen.\n<br \/><br \/>\nwww.ansitel.de | Berlin<\/p><\/div><\/div>\t\t<\/div>\r\n\t\t\t\t<\/div>\r\n\t\t\t\t<\/div>\r\n\t\t<div class=\"elementor-element elementor-element-60968e4 e-con-full e-flex e-con e-child\" data-id=\"60968e4\" data-element_type=\"container\">\r\n\t\t\t\t<div class=\"elementor-element elementor-element-2d1f15f elementor-widget__width-initial elementor-position-top elementor-widget elementor-widget-image-box\" data-id=\"2d1f15f\" data-element_type=\"widget\" data-widget_type=\"image-box.default\">\r\n\t\t\t\t<div class=\"elementor-widget-container\">\r\n\t\t\t<div class=\"elementor-image-box-wrapper\"><figure class=\"elementor-image-box-img\"><a href=\"http:\/\/www.eset.com\" target=\"_blank\" tabindex=\"-1\"><img decoding=\"async\" src=\"https:\/\/www.wibbo.de\/wp-content\/uploads\/elementor\/thumbs\/eset-rjfsnvfkfuk5wtamxjid51ibabrm684iox3rlzkqdi.jpg\" title=\"eset\" alt=\"eset\" loading=\"lazy\" \/><\/a><\/figure><div class=\"elementor-image-box-content\"><h3 class=\"elementor-image-box-title\"><a href=\"http:\/\/www.eset.com\" target=\"_blank\">ESET<\/a><\/h3><p class=\"elementor-image-box-description\">Sicher durch den Alltag\nCyberangriffe nehmen jeden Tag zu. Mit ESET als Partner an Ihrer Seite sind Sie bestens gesch\u00fctzt.\n\nDabei spielt es keine Rolle ob Sie privaten oder gesch\u00e4ftlichen Schutz ben\u00f6tigen. Wir haben f\u00fcr jedes Anwendungsgebiet das passende Angebot.\n\nDie Sicherheitsl\u00f6sungen von ESET sind auf jeder Platform verf\u00fcgbar. Ob Smartphone, Server oder Workstation. Mit ESET sind Sie auf jede Bedrohung vorbereitet.\n<br \/><br \/>\nwww.eset.com | Jena<\/p><\/div><\/div>\t\t<\/div>\r\n\t\t\t\t<\/div>\r\n\t\t\t\t<\/div>\r\n\t\t\t\t\t<\/div>\r\n\t\t\t\t<\/div>\r\n\t\t<div class=\"elementor-element elementor-element-9bd1850 e-flex e-con-boxed e-con e-parent\" data-id=\"9bd1850\" data-element_type=\"container\" data-core-v316-plus=\"true\">\r\n\t\t\t\t\t<div class=\"e-con-inner\">\r\n\t\t<div class=\"elementor-element elementor-element-c6c0d18 e-con-full e-flex e-con e-child\" data-id=\"c6c0d18\" data-element_type=\"container\">\r\n\t\t\t\t<div class=\"elementor-element elementor-element-a568e44 elementor-widget__width-initial elementor-position-top elementor-widget elementor-widget-image-box\" data-id=\"a568e44\" data-element_type=\"widget\" data-widget_type=\"image-box.default\">\r\n\t\t\t\t<div class=\"elementor-widget-container\">\r\n\t\t\t<div class=\"elementor-image-box-wrapper\"><figure class=\"elementor-image-box-img\"><a href=\"http:\/\/www.gigaset.de\" target=\"_blank\" tabindex=\"-1\"><img decoding=\"async\" src=\"https:\/\/www.wibbo.de\/wp-content\/uploads\/elementor\/thumbs\/gigaset-rjfsnar49hrute4oaakkm6q67uljgvufa2r31wff7c.jpg\" title=\"gigaset\" alt=\"gigaset\" loading=\"lazy\" \/><\/a><\/figure><div class=\"elementor-image-box-content\"><h3 class=\"elementor-image-box-title\"><a href=\"http:\/\/www.gigaset.de\" target=\"_blank\">Gigaset Professional<\/a><\/h3><p class=\"elementor-image-box-description\">Telefonie wo sie ben\u00f6tigt wird. Ob kleines B\u00fcro, Arztpraxis oder Gro\u00dfkonzern. Mit Gigaset ist alles m\u00f6glich. Dank der langj\u00e4hrigen Erfahrung im Telefoniebereich hat Gigaset einiges zu bieten.\n\nEgal wie gro\u00df oder komplex Ihr Gel\u00e4nde ist, mit dem Multizellen-System der Serie Nx70 garantieren wir Ihnen zuverl\u00e4ssige Telefonie auf dem gesamten Gel\u00e4nde. Ebenso ist Standort\u00fcbergreifende telefonie hiermit kein Hindernis mehr.\n\nDank der AML-Schnittstelle k\u00f6nnen Gigaset-Ger\u00e4te problemlos an Alarmservern betrieben werden und Sie erhalten alle relevanten Infos wie z.B. einen Schwesternruf oder Alamierungen einer Brandmeldeanlage direkt per Benachrichtigung auf Ihr Telefon.\n<br \/><br \/>\nwww.gigaset.de | Bocholt<\/p><\/div><\/div>\t\t<\/div>\r\n\t\t\t\t<\/div>\r\n\t\t\t\t<\/div>\r\n\t\t<div class=\"elementor-element elementor-element-99a714f e-con-full e-flex e-con e-child\" data-id=\"99a714f\" data-element_type=\"container\">\r\n\t\t\t\t<div class=\"elementor-element elementor-element-1431023 elementor-widget__width-initial elementor-position-top elementor-widget elementor-widget-image-box\" data-id=\"1431023\" data-element_type=\"widget\" data-widget_type=\"image-box.default\">\r\n\t\t\t\t<div class=\"elementor-widget-container\">\r\n\t\t\t<div class=\"elementor-image-box-wrapper\"><figure class=\"elementor-image-box-img\"><a href=\"http:\/\/www.snom.de\" target=\"_blank\" tabindex=\"-1\"><img decoding=\"async\" src=\"https:\/\/www.wibbo.de\/wp-content\/uploads\/elementor\/thumbs\/snom-rjfsnro7oif0mdg3jhvuv2ggwsa5bfplcehtovqc3c.jpg\" title=\"snom\" alt=\"snom\" loading=\"lazy\" \/><\/a><\/figure><div class=\"elementor-image-box-content\"><h3 class=\"elementor-image-box-title\"><a href=\"http:\/\/www.snom.de\" target=\"_blank\">Snom<\/a><\/h3><p class=\"elementor-image-box-description\">Business-Telefonie - Made in Germany\nGenie\u00dfen Sie Telefonie in bester Qualit\u00e4t. Mit den VoIP-Telefonen von Snom haben Sie stets die beste Sprachqualit\u00e4t.\n\nDank der hervorragender Sprachqualit\u00e4t und den unbegrenzten Anbindungsm\u00f6glichkeiten sind Sie f\u00fcr jede Situation vorbereitet. Egal ob Makeln, Weiterleiten, im Homeoffice arbeiten oder einfach nur telefonieren, mit Snom geht das.\n\nDank der Integration Ihres Unternehmenstelefonbuches (LDAP) haben Sie Ihre Kontakte immer parat. In Verbindung mit der TAPI-Schnittstelle k\u00f6nnen Sie problemlos Telefonate z.B. aus Outlook heraus f\u00fchren.\n<br \/><br \/>\nwww.snom.com | Berlin<\/p><\/div><\/div>\t\t<\/div>\r\n\t\t\t\t<\/div>\r\n\t\t\t\t<\/div>\r\n\t\t\t\t\t<\/div>\r\n\t\t\t\t<\/div>\r\n\t\t<div class=\"elementor-element elementor-element-051fc87 e-flex e-con-boxed e-con e-parent\" data-id=\"051fc87\" data-element_type=\"container\" data-core-v316-plus=\"true\">\r\n\t\t\t\t\t<div class=\"e-con-inner\">\r\n\t\t<div class=\"elementor-element elementor-element-3b38124 e-con-full e-flex e-con e-child\" data-id=\"3b38124\" data-element_type=\"container\">\r\n\t\t\t\t<div class=\"elementor-element elementor-element-78bb8da elementor-widget__width-initial elementor-position-top elementor-widget elementor-widget-image-box\" data-id=\"78bb8da\" data-element_type=\"widget\" data-widget_type=\"image-box.default\">\r\n\t\t\t\t<div class=\"elementor-widget-container\">\r\n\t\t\t<div class=\"elementor-image-box-wrapper\"><figure class=\"elementor-image-box-img\"><a href=\"http:\/\/www.watchguard.com\/de\" target=\"_blank\" tabindex=\"-1\"><img decoding=\"async\" src=\"https:\/\/www.wibbo.de\/wp-content\/uploads\/elementor\/thumbs\/watchguard-rjfsnwdemolg8f99s1wzpj9rvpmzdx8911r939jbks.jpg\" title=\"watchguard\" alt=\"watchguard\" loading=\"lazy\" \/><\/a><\/figure><div class=\"elementor-image-box-content\"><h3 class=\"elementor-image-box-title\"><a href=\"http:\/\/www.watchguard.com\/de\" target=\"_blank\">WatchGuard<\/a><\/h3><p class=\"elementor-image-box-description\">www.watchguard.com<\/p><\/div><\/div>\t\t<\/div>\r\n\t\t\t\t<\/div>\r\n\t\t\t\t<\/div>\r\n\t\t<div class=\"elementor-element elementor-element-08e5e69 e-con-full e-flex e-con e-child\" data-id=\"08e5e69\" data-element_type=\"container\">\r\n\t\t\t\t<\/div>\r\n\t\t\t\t\t<\/div>\r\n\t\t\t\t<\/div>\r\n\t\t<div class=\"elementor-element elementor-element-22b37b05 e-flex e-con-boxed e-con e-parent\" data-id=\"22b37b05\" data-element_type=\"container\" data-settings=\"{&quot;background_background&quot;:&quot;classic&quot;}\" data-core-v316-plus=\"true\">\r\n\t\t\t\t\t<div class=\"e-con-inner\">\r\n\t\t<div class=\"elementor-element elementor-element-6e673400 e-con-full e-flex e-con e-child\" data-id=\"6e673400\" data-element_type=\"container\">\r\n\t\t\t\t<div class=\"elementor-element elementor-element-1c2a0267 elementor-widget elementor-widget-text-editor\" data-id=\"1c2a0267\" data-element_type=\"widget\" data-widget_type=\"text-editor.default\">\r\n\t\t\t\t<div class=\"elementor-widget-container\">\r\n\t\t\t\t\t\t\t<p style=\"text-align: left;\">Wibbo IT-Service UG<\/p><p>mail@wibbo.de<\/p><p>+49 2373 94 666 66<\/p>\t\t\t\t\t\t<\/div>\r\n\t\t\t\t<\/div>\r\n\t\t\t\t<\/div>\r\n\t\t<div class=\"elementor-element elementor-element-4e964d6f e-con-full e-flex e-con e-child\" data-id=\"4e964d6f\" data-element_type=\"container\">\r\n\t\t\t\t<div class=\"elementor-element elementor-element-2ff4b9b5 elementor-align-left elementor-widget elementor-widget-button\" data-id=\"2ff4b9b5\" data-element_type=\"widget\" data-widget_type=\"button.default\">\r\n\t\t\t\t<div class=\"elementor-widget-container\">\r\n\t\t\t\t\t<div class=\"elementor-button-wrapper\">\r\n\t\t\t<a class=\"elementor-button elementor-button-link elementor-size-xs\" href=\"https:\/\/www.wibbo.de\/?page_id=436\">\r\n\t\t\t\t\t\t<span class=\"elementor-button-content-wrapper\">\r\n\t\t\t\t\t\t<span class=\"elementor-button-text\">Impressum<\/span>\r\n\t\t<\/span>\r\n\t\t\t\t\t<\/a>\r\n\t\t<\/div>\r\n\t\t\t\t<\/div>\r\n\t\t\t\t<\/div>\r\n\t\t\t\t<div class=\"elementor-element elementor-element-21302d9b elementor-button-info elementor-align-right elementor-widget elementor-widget-button\" data-id=\"21302d9b\" data-element_type=\"widget\" data-widget_type=\"button.default\">\r\n\t\t\t\t<div class=\"elementor-widget-container\">\r\n\t\t\t\t\t<div class=\"elementor-button-wrapper\">\r\n\t\t\t<a class=\"elementor-button elementor-button-link elementor-size-xs\" href=\"https:\/\/www.wibbo.de\/?page_id=441\">\r\n\t\t\t\t\t\t<span class=\"elementor-button-content-wrapper\">\r\n\t\t\t\t\t\t<span class=\"elementor-button-text\">Datenschutz<\/span>\r\n\t\t<\/span>\r\n\t\t\t\t\t<\/a>\r\n\t\t<\/div>\r\n\t\t\t\t<\/div>\r\n\t\t\t\t<\/div>\r\n\t\t\t\t<\/div>\r\n\t\t<div class=\"elementor-element elementor-element-20034ad4 e-flex e-con-boxed e-con e-child\" data-id=\"20034ad4\" data-element_type=\"container\">\r\n\t\t\t\t\t<div class=\"e-con-inner\">\r\n\t\t\t\t<div class=\"elementor-element elementor-element-4303bab5 elementor-align-right elementor-widget elementor-widget-button\" data-id=\"4303bab5\" data-element_type=\"widget\" data-widget_type=\"button.default\">\r\n\t\t\t\t<div class=\"elementor-widget-container\">\r\n\t\t\t\t\t<div class=\"elementor-button-wrapper\">\r\n\t\t\t<a class=\"elementor-button elementor-button-link elementor-size-xs\" href=\"https:\/\/www.wibbo.de\/hilfe\" target=\"_blank\">\r\n\t\t\t\t\t\t<span class=\"elementor-button-content-wrapper\">\r\n\t\t\t\t\t\t<span class=\"elementor-button-text\">Erste Hilfe<\/span>\r\n\t\t<\/span>\r\n\t\t\t\t\t<\/a>\r\n\t\t<\/div>\r\n\t\t\t\t<\/div>\r\n\t\t\t\t<\/div>\r\n\t\t\t\t<div class=\"elementor-element elementor-element-32fc857a elementor-button-info elementor-widget elementor-widget-button\" data-id=\"32fc857a\" data-element_type=\"widget\" data-widget_type=\"button.default\">\r\n\t\t\t\t<div class=\"elementor-widget-container\">\r\n\t\t\t\t\t<div class=\"elementor-button-wrapper\">\r\n\t\t\t<a class=\"elementor-button elementor-button-link elementor-size-xs\" href=\"https:\/\/www.wibbo.de\/?page_id=448\">\r\n\t\t\t\t\t\t<span class=\"elementor-button-content-wrapper\">\r\n\t\t\t\t\t\t<span class=\"elementor-button-text\">Partner<\/span>\r\n\t\t<\/span>\r\n\t\t\t\t\t<\/a>\r\n\t\t<\/div>\r\n\t\t\t\t<\/div>\r\n\t\t\t\t<\/div>\r\n\t\t\t\t\t<\/div>\r\n\t\t\t\t<\/div>\r\n\t\t\t\t\t<\/div>\r\n\t\t\t\t<\/div>\r\n\t\t\t\t<\/div>\r\n\t\t","protected":false},"excerpt":{"rendered":"<p>Individuelle IT-L\u00f6sungen.Effizient und zuverl\u00e4ssig. +49 (0) 2373 94 66 66 6 Unsere Kooperationspartner Um Ihnen stets die besten Leistungen anbieten zu k\u00f6nnen, haben wir im Laufe der Zeit ein Partner-Netzwerk aufgebaut. Wir m\u00f6chten Ihnen an dieser Stelle einen kleinen \u00dcberblick \u00fcber unsere Servicepartner geben. Ansitel (Ansit-Com) Egal ob Homeoffice, Smartphone oder individuelle Speziall\u00f6sung. Mit Ansitel [&hellip;]<\/p>\n","protected":false},"author":1,"featured_media":0,"parent":0,"menu_order":0,"comment_status":"closed","ping_status":"closed","template":"","meta":{"inline_featured_image":false,"ocean_post_layout":"full-screen","ocean_both_sidebars_style":"","ocean_both_sidebars_content_width":0,"ocean_both_sidebars_sidebars_width":0,"ocean_sidebar":"","ocean_second_sidebar":"","ocean_disable_margins":"enable","ocean_add_body_class":"","ocean_shortcode_before_top_bar":"","ocean_shortcode_after_top_bar":"","ocean_shortcode_before_header":"","ocean_shortcode_after_header":"","ocean_has_shortcode":"","ocean_shortcode_after_title":"","ocean_shortcode_before_footer_widgets":"","ocean_shortcode_after_footer_widgets":"","ocean_shortcode_before_footer_bottom":"","ocean_shortcode_after_footer_bottom":"","ocean_display_top_bar":"on","ocean_display_header":"on","ocean_header_style":"minimal","ocean_center_header_left_menu":"","ocean_custom_header_template":"","ocean_custom_logo":25,"ocean_custom_retina_logo":0,"ocean_custom_logo_max_width":0,"ocean_custom_logo_tablet_max_width":0,"ocean_custom_logo_mobile_max_width":0,"ocean_custom_logo_max_height":105,"ocean_custom_logo_tablet_max_height":0,"ocean_custom_logo_mobile_max_height":0,"ocean_header_custom_menu":"2","ocean_menu_typo_font_family":"","ocean_menu_typo_font_subset":"","ocean_menu_typo_font_size":2,"ocean_menu_typo_font_size_tablet":0,"ocean_menu_typo_font_size_mobile":0,"ocean_menu_typo_font_size_unit":"em","ocean_menu_typo_font_weight":"","ocean_menu_typo_font_weight_tablet":"","ocean_menu_typo_font_weight_mobile":"","ocean_menu_typo_transform":"","ocean_menu_typo_transform_tablet":"","ocean_menu_typo_transform_mobile":"","ocean_menu_typo_line_height":0,"ocean_menu_typo_line_height_tablet":0,"ocean_menu_typo_line_height_mobile":0,"ocean_menu_typo_line_height_unit":"","ocean_menu_typo_spacing":0,"ocean_menu_typo_spacing_tablet":0,"ocean_menu_typo_spacing_mobile":0,"ocean_menu_typo_spacing_unit":"","ocean_menu_link_color":"","ocean_menu_link_color_hover":"","ocean_menu_link_color_active":"","ocean_menu_link_background":"","ocean_menu_link_hover_background":"","ocean_menu_link_active_background":"","ocean_menu_social_links_bg":"","ocean_menu_social_hover_links_bg":"","ocean_menu_social_links_color":"","ocean_menu_social_hover_links_color":"","ocean_disable_title":"on","ocean_disable_heading":"default","ocean_post_title":"","ocean_post_subheading":"","ocean_post_title_style":"","ocean_post_title_background_color":"","ocean_post_title_background":0,"ocean_post_title_bg_image_position":"","ocean_post_title_bg_image_attachment":"","ocean_post_title_bg_image_repeat":"","ocean_post_title_bg_image_size":"","ocean_post_title_height":0,"ocean_post_title_bg_overlay":0.5,"ocean_post_title_bg_overlay_color":"","ocean_disable_breadcrumbs":"off","ocean_breadcrumbs_color":"","ocean_breadcrumbs_separator_color":"","ocean_breadcrumbs_links_color":"","ocean_breadcrumbs_links_hover_color":"","ocean_display_footer_widgets":"off","ocean_display_footer_bottom":"off","ocean_custom_footer_template":"","footnotes":""},"_links":{"self":[{"href":"https:\/\/www.wibbo.de\/index.php?rest_route=\/wp\/v2\/pages\/448"}],"collection":[{"href":"https:\/\/www.wibbo.de\/index.php?rest_route=\/wp\/v2\/pages"}],"about":[{"href":"https:\/\/www.wibbo.de\/index.php?rest_route=\/wp\/v2\/types\/page"}],"author":[{"embeddable":true,"href":"https:\/\/www.wibbo.de\/index.php?rest_route=\/wp\/v2\/users\/1"}],"replies":[{"embeddable":true,"href":"https:\/\/www.wibbo.de\/index.php?rest_route=%2Fwp%2Fv2%2Fcomments&post=448"}],"version-history":[{"count":55,"href":"https:\/\/www.wibbo.de\/index.php?rest_route=\/wp\/v2\/pages\/448\/revisions"}],"predecessor-version":[{"id":335377,"href":"https:\/\/www.wibbo.de\/index.php?rest_route=\/wp\/v2\/pages\/448\/revisions\/335377"}],"wp:attachment":[{"href":"https:\/\/www.wibbo.de\/index.php?rest_route=%2Fwp%2Fv2%2Fmedia&parent=448"}],"curies":[{"name":"wp","href":"https:\/\/api.w.org\/{rel}","templated":true}]}}